{"id":10,"date":"2022-04-13T09:17:55","date_gmt":"2022-04-13T09:17:55","guid":{"rendered":"https:\/\/jornadasiberoamericanas.zeus.umh.es\/presentacion\/"},"modified":"2022-07-26T09:42:42","modified_gmt":"2022-07-26T07:42:42","slug":"home","status":"publish","type":"page","link":"https:\/\/jornadasiberoamericanas.umh.es\/ca\/","title":{"rendered":"Home"},"content":{"rendered":"<p>[et_pb_section fb_built=&#8221;1&#8243; _builder_version=&#8221;4.16&#8243; background_image=&#8221;https:\/\/jornadasiberoamericanas.umh.es\/files\/2022\/05\/banner-ibee.png&#8221; background_size=&#8221;contain&#8221; max_width=&#8221;62%&#8221; module_alignment=&#8221;center&#8221; height=&#8221;400px&#8221; global_colors_info=&#8221;{}&#8221;][\/et_pb_section][et_pb_section fb_built=&#8221;1&#8243; _builder_version=&#8221;4.16&#8243; background_image=&#8221;https:\/\/jornadasiberoamericanas.umh.es\/files\/2022\/05\/mapa1-copia.png&#8221; background_size=&#8221;initial&#8221; global_colors_info=&#8221;{}&#8221;][et_pb_row _builder_version=&#8221;4.16&#8243; global_colors_info=&#8221;{}&#8221;][et_pb_column type=&#8221;4_4&#8243; _builder_version=&#8221;4.16&#8243; global_colors_info=&#8221;{}&#8221;][et_pb_text _builder_version=&#8221;4.16&#8243; text_font=&#8221;|800|||||||&#8221; text_text_color=&#8221;#727272&#8243; text_font_size=&#8221;36px&#8221; global_colors_info=&#8221;{}&#8221;]<\/p>\n<p style=\"text-align: center\"><strong>MODALIDAD: ONLINE<\/strong><\/p>\n<p>[\/et_pb_text][\/et_pb_column][\/et_pb_row][et_pb_row _builder_version=&#8221;4.16&#8243; background_color=&#8221;#ffffff&#8221; border_radii=&#8221;on|11px|11px|11px|11px&#8221; box_shadow_style=&#8221;preset4&#8243; global_colors_info=&#8221;{}&#8221;][et_pb_column type=&#8221;4_4&#8243; _builder_version=&#8221;4.16&#8243; global_colors_info=&#8221;{}&#8221;][et_pb_text _builder_version=&#8221;4.16&#8243; text_font=&#8221;|600|||||||&#8221; text_text_color=&#8221;#000000&#8243; custom_margin=&#8221;|20px||20px|false|true&#8221; global_colors_info=&#8221;{}&#8221;]<\/p>\n<p style=\"text-align: justify\">\u201cEl objetivo principal de las <em>I Jornadas Iberoamericanas de Econom\u00eda y Empresa: Nuevas Tendencias Econ\u00f3micas, Nuevas Realidades y Medidas Adoptadas<\/em> es el promover la interacci\u00f3n en materia docente y de investigaci\u00f3n entre universidades espa\u00f1olas e iberoamericanas en el \u00e1mbito de la econom\u00eda y los negocios. Con un car\u00e1cter multidisciplinar, las jornadas pretenden ser una oportunidad para compartir puntos de vista, ideas y experiencias en un contexto comparado. La reuni\u00f3n servir\u00e1 como punto de encuentro a partir del que puedan desarrollarse otras actividades docentes, de investigaci\u00f3n y de movilidad que sean de inter\u00e9s para las instituciones participantes.\u201d<\/p>\n<p style=\"text-align: justify\">Se invita a docentes, investigadores y alumnos a presentar investigaciones en desarrollo, avances de las mismas, as\u00ed como investigaciones ya finalizadas, estableciendo en estas I Jornadas una oportunidad para la presentaci\u00f3n de temas de investigaci\u00f3n en sus diferentes fases de elaboraci\u00f3n o avances dentro de la variedad tematica que se propone. Un espacio para compartir propuestas y desarrollos ya elaborados o incipientes que buscan una primera presentacion. Una oportunidad para compartir e iniciar colaboraciones de investigaci\u00f3n interuniversitaria.\u00a0\u00a0<\/p>\n<p>[\/et_pb_text][\/et_pb_column][\/et_pb_row][et_pb_row _builder_version=&#8221;4.16&#8243; global_colors_info=&#8221;{}&#8221;][et_pb_column type=&#8221;4_4&#8243; _builder_version=&#8221;4.16&#8243; global_colors_info=&#8221;{}&#8221;][et_pb_text _builder_version=&#8221;4.16&#8243; global_colors_info=&#8221;{}&#8221;]<\/p>\n<p style=\"text-align: center\"><strong>INSTITUCI\u00d3N ORGANIZADORA<\/strong><\/p>\n<p style=\"text-align: center\"><strong>Departamento de Estudios Econ\u00f3micos y Financieros.\u00a0<br \/>Facultad de Ciencias Sociales y Jur\u00eddicas de Elche.<br \/>Universidad Miguel Hern\u00e1ndez de Elche (Espa\u00f1a)<br \/><\/strong><\/p>\n<p>[\/et_pb_text][\/et_pb_column][\/et_pb_row][et_pb_row column_structure=&#8221;1_2,1_2&#8243; _builder_version=&#8221;4.16&#8243; global_colors_info=&#8221;{}&#8221;][et_pb_column type=&#8221;1_2&#8243; _builder_version=&#8221;4.16&#8243; global_colors_info=&#8221;{}&#8221;][et_pb_button button_url=&#8221;https:\/\/docs.google.com\/forms\/d\/e\/1FAIpQLSfXIc2L_JVrbtZdcF5zhzMUGOgvyrtpMpunxcQECtXxcBDiCA\/viewform&#8221; url_new_window=&#8221;on&#8221; button_text=&#8221;INSCRIPCI\u00d3N SIN PRESENTACION DE COMUNICACI\u00d3N&#8221; button_alignment=&#8221;center&#8221; _builder_version=&#8221;4.16&#8243; custom_button=&#8221;on&#8221; button_bg_color=&#8221;#ffffff&#8221; button_font=&#8221;|700|||||||&#8221; box_shadow_style=&#8221;preset4&#8243; global_colors_info=&#8221;{}&#8221;][\/et_pb_button][\/et_pb_column][et_pb_column type=&#8221;1_2&#8243; _builder_version=&#8221;4.16&#8243; global_colors_info=&#8221;{}&#8221;][et_pb_button button_url=&#8221;https:\/\/docs.google.com\/forms\/d\/e\/1FAIpQLScVHzYi2oMAVjJFvY3_bjHNczeSqrmqxRPd_EYCRU9lyOXqpw\/viewform&#8221; url_new_window=&#8221;on&#8221; button_text=&#8221;INSCRIPCI\u00d3N CON PRESENTACION DE COMUNICACI\u00d3N&#8221; button_alignment=&#8221;center&#8221; _builder_version=&#8221;4.16&#8243; custom_button=&#8221;on&#8221; button_bg_color=&#8221;#ffffff&#8221; button_font=&#8221;|700|||||||&#8221; box_shadow_style=&#8221;preset4&#8243; global_colors_info=&#8221;{}&#8221;][\/et_pb_button][\/et_pb_column][\/et_pb_row][et_pb_row _builder_version=&#8221;4.16&#8243; global_colors_info=&#8221;{}&#8221;][et_pb_column type=&#8221;4_4&#8243; _builder_version=&#8221;4.16&#8243; global_colors_info=&#8221;{}&#8221;][\/et_pb_column][\/et_pb_row][et_pb_row _builder_version=&#8221;4.16&#8243; background_color=&#8221;#ffffff&#8221; border_radii=&#8221;on|11px|11px|11px|11px&#8221; box_shadow_style=&#8221;preset4&#8243; global_colors_info=&#8221;{}&#8221;][et_pb_column type=&#8221;4_4&#8243; _builder_version=&#8221;4.16&#8243; global_colors_info=&#8221;{}&#8221;][et_pb_text disabled_on=&#8221;on|on|on&#8221; _builder_version=&#8221;4.16&#8243; disabled=&#8221;on&#8221; global_colors_info=&#8221;{}&#8221;]<\/p>\n<h2 style=\"text-align: center\"><strong>CARTEL DE LAS JORNADAS<\/strong><\/h2>\n<p>[\/et_pb_text][et_pb_image src=&#8221;https:\/\/jornadasiberoamericanas.umh.es\/files\/2022\/07\/okjornadas2.jpg&#8221; show_in_lightbox=&#8221;on&#8221; align=&#8221;center&#8221; _builder_version=&#8221;4.17.4&#8243; max_width=&#8221;59%&#8221; hover_enabled=&#8221;0&#8243; global_colors_info=&#8221;{}&#8221; title_text=&#8221;okjornadas2&#8243; sticky_enabled=&#8221;0&#8243;][\/et_pb_image][\/et_pb_column][\/et_pb_row][et_pb_row column_structure=&#8221;1_2,1_2&#8243; _builder_version=&#8221;4.16&#8243; background_color=&#8221;#ffffff&#8221; custom_margin=&#8221;56px|auto||auto||&#8221; border_radii=&#8221;on|11px|11px|11px|11px&#8221; box_shadow_style=&#8221;preset4&#8243; global_colors_info=&#8221;{}&#8221;][et_pb_column type=&#8221;1_2&#8243; _builder_version=&#8221;4.16&#8243; global_colors_info=&#8221;{}&#8221;][et_pb_text disabled_on=&#8221;off|off|off&#8221; _builder_version=&#8221;4.16&#8243; global_colors_info=&#8221;{}&#8221;]<\/p>\n<h2 style=\"text-align: left\"><b>Organiza:<\/b><\/h2>\n<p><b><\/b><\/p>\n<p>[\/et_pb_text][et_pb_image src=&#8221;https:\/\/jornadasiberoamericanas.umh.es\/files\/2022\/06\/LOGO-CCCSSYJJ_positivo_color-e1655117064486-300&#215;109.png&#8221; title_text=&#8221;LOGO-CCCSSYJJ_positivo_color&#8221; url=&#8221;https:\/\/fcsjelche.umh.es\/&#8221; url_new_window=&#8221;on&#8221; _builder_version=&#8221;4.17.4&#8243; width=&#8221;50%&#8221; max_width=&#8221;50%&#8221; module_alignment=&#8221;center&#8221; custom_padding=&#8221;||0px|||&#8221; global_colors_info=&#8221;{}&#8221;][\/et_pb_image][\/et_pb_column][et_pb_column type=&#8221;1_2&#8243; _builder_version=&#8221;4.16&#8243; global_colors_info=&#8221;{}&#8221;][et_pb_divider show_divider=&#8221;off&#8221; _builder_version=&#8221;4.17.4&#8243; _module_preset=&#8221;default&#8221; global_colors_info=&#8221;{}&#8221;][\/et_pb_divider][et_pb_divider show_divider=&#8221;off&#8221; _builder_version=&#8221;4.17.4&#8243; _module_preset=&#8221;default&#8221; global_colors_info=&#8221;{}&#8221;][\/et_pb_divider][et_pb_divider show_divider=&#8221;off&#8221; _builder_version=&#8221;4.17.4&#8243; _module_preset=&#8221;default&#8221; global_colors_info=&#8221;{}&#8221;][\/et_pb_divider][et_pb_image src=&#8221;https:\/\/jornadasiberoamericanas.umh.es\/files\/2022\/06\/Estudios-Economicos-y-Financieros.png&#8221; url=&#8221;https:\/\/www.umh.es\/contenido\/Investigacion\/:uor_26\/datos_es.html&#8221; url_new_window=&#8221;on&#8221; _builder_version=&#8221;4.17.4&#8243; width=&#8221;56%&#8221; module_alignment=&#8221;center&#8221; global_colors_info=&#8221;{}&#8221;][\/et_pb_image][\/et_pb_column][\/et_pb_row][et_pb_row column_structure=&#8221;1_4,1_4,1_4,1_4&#8243; _builder_version=&#8221;4.16&#8243; background_color=&#8221;#ffffff&#8221; custom_margin=&#8221;56px|auto||auto||&#8221; border_radii=&#8221;on|11px|11px|11px|11px&#8221; box_shadow_style=&#8221;preset4&#8243; global_colors_info=&#8221;{}&#8221;][et_pb_column type=&#8221;1_4&#8243; _builder_version=&#8221;4.16&#8243; global_colors_info=&#8221;{}&#8221;][et_pb_text disabled_on=&#8221;off|off|off&#8221; _builder_version=&#8221;4.16&#8243; custom_margin=&#8221;||0px|||&#8221; global_colors_info=&#8221;{}&#8221;]<\/p>\n<h2 style=\"text-align: left\"><b>Promueven:<\/b><\/h2>\n<p><b><\/b><\/p>\n<p>[\/et_pb_text][et_pb_image src=&#8221;https:\/\/jornadasiberoamericanas.umh.es\/files\/2022\/06\/ort-e1655117135339.png&#8221; url=&#8221;https:\/\/www.ort.edu.uy\/&#8221; url_new_window=&#8221;on&#8221; _builder_version=&#8221;4.16&#8243; module_alignment=&#8221;center&#8221; global_colors_info=&#8221;{}&#8221;][\/et_pb_image][et_pb_image src=&#8221;https:\/\/jornadasiberoamericanas.umh.es\/files\/2022\/06\/Logo-ESAN-e1655117100262.jpg&#8221; url=&#8221;https:\/\/www.esan.edu.pe\/&#8221; url_new_window=&#8221;on&#8221; align=&#8221;center&#8221; _builder_version=&#8221;4.16&#8243; global_colors_info=&#8221;{}&#8221;][\/et_pb_image][\/et_pb_column][et_pb_column type=&#8221;1_4&#8243; _builder_version=&#8221;4.16&#8243; global_colors_info=&#8221;{}&#8221;][et_pb_divider show_divider=&#8221;off&#8221; _builder_version=&#8221;4.16&#8243; global_colors_info=&#8221;{}&#8221;][\/et_pb_divider][et_pb_image src=&#8221;https:\/\/jornadasiberoamericanas.umh.es\/files\/2022\/06\/Indentificador_Universidad_de_Holguin-e1655117268398.png&#8221; url=&#8221;https:\/\/www.uho.edu.cu\/&#8221; url_new_window=&#8221;on&#8221; _builder_version=&#8221;4.16&#8243; width=&#8221;90%&#8221; max_width=&#8221;90%&#8221; module_alignment=&#8221;center&#8221; global_colors_info=&#8221;{}&#8221;][\/et_pb_image][et_pb_divider show_divider=&#8221;off&#8221; _builder_version=&#8221;4.17.4&#8243; _module_preset=&#8221;default&#8221; global_colors_info=&#8221;{}&#8221;][\/et_pb_divider][et_pb_divider show_divider=&#8221;off&#8221; _builder_version=&#8221;4.17.4&#8243; _module_preset=&#8221;default&#8221; global_colors_info=&#8221;{}&#8221;][\/et_pb_divider][et_pb_image src=&#8221;https:\/\/jornadasiberoamericanas.umh.es\/files\/2022\/06\/logo-ces.png&#8221; url=&#8221;https:\/\/www.ces.edu.co\/&#8221; url_new_window=&#8221;on&#8221; _builder_version=&#8221;4.16&#8243; module_alignment=&#8221;center&#8221; global_colors_info=&#8221;{}&#8221;][\/et_pb_image][\/et_pb_column][et_pb_column type=&#8221;1_4&#8243; _builder_version=&#8221;4.16&#8243; global_colors_info=&#8221;{}&#8221;][et_pb_divider show_divider=&#8221;off&#8221; _builder_version=&#8221;4.16&#8243; global_colors_info=&#8221;{}&#8221;][\/et_pb_divider][et_pb_image src=&#8221;https:\/\/jornadasiberoamericanas.umh.es\/files\/2022\/06\/UDE.png&#8221; url=&#8221;https:\/\/ude.edu.uy\/&#8221; url_new_window=&#8221;on&#8221; _builder_version=&#8221;4.16&#8243; width=&#8221;65%&#8221; max_width=&#8221;65%&#8221; module_alignment=&#8221;center&#8221; global_colors_info=&#8221;{}&#8221;][\/et_pb_image][et_pb_image src=&#8221;https:\/\/jornadasiberoamericanas.umh.es\/files\/2022\/06\/Imagotipo-Principal-Vertical-72-01-659pl52bsvq0-e1655117122514.png&#8221; url=&#8221;https:\/\/www.ucp.edu.ar\/&#8221; url_new_window=&#8221;on&#8221; _builder_version=&#8221;4.16&#8243; global_colors_info=&#8221;{}&#8221;][\/et_pb_image][\/et_pb_column][et_pb_column type=&#8221;1_4&#8243; _builder_version=&#8221;4.16&#8243; global_colors_info=&#8221;{}&#8221;][et_pb_divider show_divider=&#8221;off&#8221; _builder_version=&#8221;4.16&#8243; global_colors_info=&#8221;{}&#8221;][\/et_pb_divider][et_pb_image src=&#8221;https:\/\/jornadasiberoamericanas.umh.es\/files\/2022\/06\/unnamed-e1655117434824.png&#8221; url=&#8221;https:\/\/fcea.udelar.edu.uy\/&#8221; url_new_window=&#8221;on&#8221; align=&#8221;center&#8221; _builder_version=&#8221;4.16&#8243; module_alignment=&#8221;center&#8221; custom_margin=&#8221;||-7px|||&#8221; custom_padding=&#8221;|8px|6px|||&#8221; global_colors_info=&#8221;{}&#8221;][\/et_pb_image][\/et_pb_column][\/et_pb_row][\/et_pb_section]<\/p>\n","protected":false},"excerpt":{"rendered":"<p>P\u00e1gina de presentaci\u00f3n de la unidad organizativa<\/p>\n","protected":false},"author":1,"featured_media":0,"parent":0,"menu_order":0,"comment_status":"closed","ping_status":"open","template":"","meta":{"_et_pb_use_builder":"on","_et_pb_old_content":"","_et_gb_content_width":"","_links_to":"","_links_to_target":""},"_links":{"self":[{"href":"https:\/\/jornadasiberoamericanas.umh.es\/ca\/wp-json\/wp\/v2\/pages\/10"}],"collection":[{"href":"https:\/\/jornadasiberoamericanas.umh.es\/ca\/wp-json\/wp\/v2\/pages"}],"about":[{"href":"https:\/\/jornadasiberoamericanas.umh.es\/ca\/wp-json\/wp\/v2\/types\/page"}],"author":[{"embeddable":true,"href":"https:\/\/jornadasiberoamericanas.umh.es\/ca\/wp-json\/wp\/v2\/users\/1"}],"replies":[{"embeddable":true,"href":"https:\/\/jornadasiberoamericanas.umh.es\/ca\/wp-json\/wp\/v2\/comments?post=10"}],"version-history":[{"count":0,"href":"https:\/\/jornadasiberoamericanas.umh.es\/ca\/wp-json\/wp\/v2\/pages\/10\/revisions"}],"wp:attachment":[{"href":"https:\/\/jornadasiberoamericanas.umh.es\/ca\/wp-json\/wp\/v2\/media?parent=10"}],"curies":[{"name":"wp","href":"https:\/\/api.w.org\/{rel}","templated":true}]}}