{"id":29,"date":"2022-05-02T13:27:23","date_gmt":"2022-05-02T11:27:23","guid":{"rendered":"https:\/\/jornadasiberoamericanas.umh.es\/?page_id=29"},"modified":"2022-06-08T14:40:19","modified_gmt":"2022-06-08T12:40:19","slug":"comites","status":"publish","type":"page","link":"https:\/\/jornadasiberoamericanas.umh.es\/ca\/comites\/","title":{"rendered":"<span lang=\"es\">(Espa\u00f1ol) Comit\u00e9s<\/span>"},"content":{"rendered":"<p>[et_pb_section fb_built=&#8221;1&#8243; _builder_version=&#8221;4.2.2&#8243; background_image=&#8221;https:\/\/jornadasiberoamericanas.umh.es\/files\/2022\/05\/banner-ibee.png&#8221; background_size=&#8221;contain&#8221; max_width=&#8221;62%&#8221; module_alignment=&#8221;center&#8221; height=&#8221;400px&#8221;][et_pb_row _builder_version=&#8221;4.2.2&#8243;][et_pb_column type=&#8221;4_4&#8243; _builder_version=&#8221;4.2.2&#8243;][\/et_pb_column][\/et_pb_row][\/et_pb_section][et_pb_section fb_built=&#8221;1&#8243; _builder_version=&#8221;4.2.2&#8243; background_image=&#8221;https:\/\/jornadasiberoamericanas.umh.es\/files\/2022\/05\/mapa1-copia.png&#8221; background_size=&#8221;initial&#8221;][et_pb_row _builder_version=&#8221;4.2.2&#8243; background_color=&#8221;#ffffff&#8221; border_radii=&#8221;on|11px|11px|11px|11px&#8221; box_shadow_style=&#8221;preset4&#8243;][et_pb_column type=&#8221;4_4&#8243; _builder_version=&#8221;4.2.2&#8243;][et_pb_text _builder_version=&#8221;4.2.2&#8243; hover_enabled=&#8221;0&#8243;]<\/p>\n<h4 style=\"text-align: center\"><strong>COMIT\u00c9 CIENT\u00cdFICO<\/strong><\/h4>\n<p><strong><\/strong><\/p>\n<p style=\"text-align: center\">Carmen Victoria Escolano Asensi (UMH, Espa\u00f1a)<\/p>\n<p style=\"text-align: center\">Luis Francisco Brotons Mur\u00f3 (UMH, Espa\u00f1a)<\/p>\n<p style=\"text-align: center\">Marta Vaca Lamata (UMH, Espa\u00f1a)<\/p>\n<p style=\"text-align: center\">Jubitza Franciskovic (ESAN, Per\u00fa)<\/p>\n<p style=\"text-align: center\">Oscar Berr\u00edo (CES, Colombia)<\/p>\n<p style=\"text-align: center\">Ludmila Vargas Viola (UCP, Argentina)<\/p>\n<p style=\"text-align: center\">Ricardo Kaufmann (ORT, Uruguay)<\/p>\n<p style=\"text-align: center\">Daniel Rico (UDE, Uruguay)<\/p>\n<p style=\"text-align: center\">Jenny Ruiz de la Pe\u00f1a (UHo, Cuba)<\/p>\n<p style=\"text-align: center\">Jorge Xavier (Udelar, Uruguay)<\/p>\n<p>[\/et_pb_text][\/et_pb_column][\/et_pb_row][et_pb_row _builder_version=&#8221;4.2.2&#8243;][et_pb_column type=&#8221;4_4&#8243; _builder_version=&#8221;4.2.2&#8243;][\/et_pb_column][\/et_pb_row][et_pb_row _builder_version=&#8221;4.2.2&#8243; background_color=&#8221;#ffffff&#8221; border_radii=&#8221;on|11px|11px|11px|11px&#8221; box_shadow_style=&#8221;preset4&#8243;][et_pb_column type=&#8221;4_4&#8243; _builder_version=&#8221;4.2.2&#8243;][et_pb_text _builder_version=&#8221;4.2.2&#8243;]<\/p>\n<h4 style=\"text-align: center\"><strong>\u00a0 \u00a0COMIT\u00c9 ORGANIZADOR<\/strong><\/h4>\n<p><strong><\/strong><\/p>\n<p style=\"text-align: center\">Presidenta: Carmen Victoria Escolano Asensi<\/p>\n<p style=\"text-align: center\">Rafael Domenech S\u00e1nchez<\/p>\n<p style=\"text-align: center\">Luis Francisco Brotons Mur\u00f3<\/p>\n<p style=\"text-align: center\">Marta Vaca Lamata<\/p>\n<p style=\"text-align: center\">Jos\u00e9 Antonio Cavero Rubio<\/p>\n<p>[\/et_pb_text][\/et_pb_column][\/et_pb_row][\/et_pb_section]<\/p>\n","protected":false},"excerpt":{"rendered":"<p>COMIT\u00c9 CIENT\u00cdFICO Carmen Victoria Escolano Asensi (UMH, Espa\u00f1a) Luis Francisco Brotons Mur\u00f3 (UMH, Espa\u00f1a) Marta Vaca Lamata (UMH, Espa\u00f1a) Jubitza Franciskovic (ESAN, Per\u00fa) Oscar Berr\u00edo (CES, Colombia) Ludmila Vargas Viola (UCP, Argentina) Ricardo Kaufmann (ORT, Uruguay) Daniel Rico (UDE, Uruguay) Jenny Ruiz de la Pe\u00f1a (UHo, Cuba) Jorge Xavier (Udelar, Uruguay) \u00a0 \u00a0COMIT\u00c9 ORGANIZADOR Presidenta: [&hellip;]<\/p>\n","protected":false},"author":17728,"featured_media":0,"parent":0,"menu_order":0,"comment_status":"closed","ping_status":"closed","template":"","meta":{"_et_pb_use_builder":"on","_et_pb_old_content":"","_et_gb_content_width":"","_links_to":"","_links_to_target":""},"_links":{"self":[{"href":"https:\/\/jornadasiberoamericanas.umh.es\/ca\/wp-json\/wp\/v2\/pages\/29"}],"collection":[{"href":"https:\/\/jornadasiberoamericanas.umh.es\/ca\/wp-json\/wp\/v2\/pages"}],"about":[{"href":"https:\/\/jornadasiberoamericanas.umh.es\/ca\/wp-json\/wp\/v2\/types\/page"}],"author":[{"embeddable":true,"href":"https:\/\/jornadasiberoamericanas.umh.es\/ca\/wp-json\/wp\/v2\/users\/17728"}],"replies":[{"embeddable":true,"href":"https:\/\/jornadasiberoamericanas.umh.es\/ca\/wp-json\/wp\/v2\/comments?post=29"}],"version-history":[{"count":0,"href":"https:\/\/jornadasiberoamericanas.umh.es\/ca\/wp-json\/wp\/v2\/pages\/29\/revisions"}],"wp:attachment":[{"href":"https:\/\/jornadasiberoamericanas.umh.es\/ca\/wp-json\/wp\/v2\/media?parent=29"}],"curies":[{"name":"wp","href":"https:\/\/api.w.org\/{rel}","templated":true}]}}