{"id":32,"date":"2022-05-02T13:27:04","date_gmt":"2022-05-02T11:27:04","guid":{"rendered":"https:\/\/jornadasiberoamericanas.umh.es\/?page_id=32"},"modified":"2022-07-13T17:41:10","modified_gmt":"2022-07-13T15:41:10","slug":"calendario","status":"publish","type":"page","link":"https:\/\/jornadasiberoamericanas.umh.es\/ca\/calendario\/","title":{"rendered":"<span lang=\"es\">(Espa\u00f1ol) Calendario<\/span>"},"content":{"rendered":"<p>[et_pb_section fb_built=&#8221;1&#8243; _builder_version=&#8221;4.16&#8243; background_image=&#8221;https:\/\/jornadasiberoamericanas.umh.es\/files\/2022\/05\/banner-ibee.png&#8221; background_size=&#8221;contain&#8221; max_width=&#8221;62%&#8221; module_alignment=&#8221;center&#8221; height=&#8221;400px&#8221; global_colors_info=&#8221;{}&#8221;][et_pb_row _builder_version=&#8221;4.16&#8243; global_colors_info=&#8221;{}&#8221;][et_pb_column type=&#8221;4_4&#8243; _builder_version=&#8221;4.16&#8243; global_colors_info=&#8221;{}&#8221;][\/et_pb_column][\/et_pb_row][\/et_pb_section][et_pb_section fb_built=&#8221;1&#8243; _builder_version=&#8221;4.16&#8243; background_image=&#8221;https:\/\/jornadasiberoamericanas.umh.es\/files\/2022\/05\/mapa1-copia.png&#8221; background_size=&#8221;initial&#8221; custom_padding=&#8221;54px|||||&#8221; global_colors_info=&#8221;{}&#8221;][et_pb_row _builder_version=&#8221;4.16&#8243; background_color=&#8221;#ffffff&#8221; module_alignment=&#8221;center&#8221; custom_margin=&#8221;||||false|false&#8221; custom_padding=&#8221;|||40px|false|false&#8221; border_radii=&#8221;on|11px|11px|11px|11px&#8221; box_shadow_style=&#8221;preset4&#8243; global_colors_info=&#8221;{}&#8221;][et_pb_column type=&#8221;4_4&#8243; _builder_version=&#8221;4.16&#8243; global_colors_info=&#8221;{}&#8221;][et_pb_text _builder_version=&#8221;4.17.4&#8243; hover_enabled=&#8221;0&#8243; global_colors_info=&#8221;{}&#8221; sticky_enabled=&#8221;0&#8243;]<\/p>\n<table style=\"width: 903px;border-color: #333333\" border=\"2\">\n<tbody>\n<tr>\n<td style=\"width: 588.859px;border-color: #333333\"><span style=\"color: #000000\">Apertura plazo inscripci\u00f3n y env\u00edo de res\u00famenes<\/span><\/td>\n<td style=\"width: 296.141px;text-align: center;border-color: #333333\"><span style=\"color: #000000\"><strong>\u00a08 junio de 2022<\/strong><\/span><\/td>\n<\/tr>\n<tr style=\"text-align: center\">\n<td style=\"width: 588.859px;text-align: left;border-color: #333333\"><span style=\"color: #000000\">Fecha l\u00edmite inscripci\u00f3n con comunicaci\u00f3n y env\u00edo res\u00famenes<\/span><\/td>\n<td style=\"width: 296.141px;border-color: #333333\"><span style=\"color: #000000\"><strong>\u00a027 julio de 2022<\/strong><\/span><\/td>\n<\/tr>\n<tr style=\"text-align: center;border-color: #333333\">\n<td style=\"width: 588.859px;text-align: left;border-color: #333333\"><span style=\"color: #000000\">Notificaci\u00f3n de la aceptaci\u00f3n del resumen<\/span><\/td>\n<td style=\"width: 296.141px;border-color: #333333\"><span style=\"color: #000000\"><strong>\u00a029 julio de 2022<\/strong><\/span><\/td>\n<\/tr>\n<tr style=\"text-align: center;border-color: #333333\">\n<td style=\"width: 588.859px;text-align: left;border-color: #333333\"><span style=\"color: #000000\">Publicaci\u00f3n de res\u00famenes y programa provisional<\/span><\/td>\n<td style=\"width: 296.141px;border-color: #333333\"><span style=\"color: #000000\"><strong>\u00a030 julio de 2022<\/strong><\/span><\/td>\n<\/tr>\n<tr style=\"text-align: center;border-color: #333333\">\n<td style=\"width: 588.859px;text-align: left;border-color: #333333\"><span style=\"color: #000000\">Fecha l\u00edmite env\u00edo de comunicaci\u00f3n completa<\/span><\/td>\n<td style=\"width: 296.141px;border-color: #333333\"><span style=\"color: #000000\"><strong>\u00a0 15 septiembre de 2022<\/strong><\/span><\/td>\n<\/tr>\n<tr style=\"text-align: center;border-color: #333333\">\n<td style=\"width: 588.859px;text-align: left;border-color: #333333\"><span style=\"color: #000000\">Fecha l\u00edmite inscripci\u00f3n sin comunicaci\u00f3n<\/span><\/td>\n<td style=\"width: 296.141px;border-color: #333333\"><span style=\"color: #000000\"><strong>\u00a0 15 septiembre de 2022<\/strong><\/span><\/td>\n<\/tr>\n<tr>\n<td style=\"width: 588.859px;border-color: #333333\"><span style=\"color: #000000\">Celebraci\u00f3n de las jornadas<\/span><\/td>\n<td style=\"width: 296.141px;border-color: #333333\">\n<p style=\"text-align: center\"><span style=\"color: #000000\"><strong>\u00a022 y 23 septiembre de 2022<\/strong><\/span><\/p>\n<\/td>\n<\/tr>\n<\/tbody>\n<\/table>\n<p>[\/et_pb_text][et_pb_pricing_tables _builder_version=&#8221;4.16&#8243; global_colors_info=&#8221;{}&#8221;][\/et_pb_pricing_tables][\/et_pb_column][\/et_pb_row][\/et_pb_section]<\/p>\n","protected":false},"excerpt":{"rendered":"<p>Apertura plazo inscripci\u00f3n y env\u00edo de res\u00famenes \u00a08 junio de 2022 Fecha l\u00edmite inscripci\u00f3n con comunicaci\u00f3n y env\u00edo res\u00famenes \u00a027 julio de 2022 Notificaci\u00f3n de la aceptaci\u00f3n del resumen \u00a029 julio de 2022 Publicaci\u00f3n de res\u00famenes y programa provisional \u00a030 julio de 2022 Fecha l\u00edmite env\u00edo de comunicaci\u00f3n completa \u00a0 15 septiembre de 2022 Fecha [&hellip;]<\/p>\n","protected":false},"author":17728,"featured_media":0,"parent":0,"menu_order":0,"comment_status":"closed","ping_status":"closed","template":"","meta":{"_et_pb_use_builder":"on","_et_pb_old_content":"","_et_gb_content_width":"","_links_to":"","_links_to_target":""},"_links":{"self":[{"href":"https:\/\/jornadasiberoamericanas.umh.es\/ca\/wp-json\/wp\/v2\/pages\/32"}],"collection":[{"href":"https:\/\/jornadasiberoamericanas.umh.es\/ca\/wp-json\/wp\/v2\/pages"}],"about":[{"href":"https:\/\/jornadasiberoamericanas.umh.es\/ca\/wp-json\/wp\/v2\/types\/page"}],"author":[{"embeddable":true,"href":"https:\/\/jornadasiberoamericanas.umh.es\/ca\/wp-json\/wp\/v2\/users\/17728"}],"replies":[{"embeddable":true,"href":"https:\/\/jornadasiberoamericanas.umh.es\/ca\/wp-json\/wp\/v2\/comments?post=32"}],"version-history":[{"count":0,"href":"https:\/\/jornadasiberoamericanas.umh.es\/ca\/wp-json\/wp\/v2\/pages\/32\/revisions"}],"wp:attachment":[{"href":"https:\/\/jornadasiberoamericanas.umh.es\/ca\/wp-json\/wp\/v2\/media?parent=32"}],"curies":[{"name":"wp","href":"https:\/\/api.w.org\/{rel}","templated":true}]}}