{"id":35,"date":"2022-05-02T13:27:25","date_gmt":"2022-05-02T11:27:25","guid":{"rendered":"https:\/\/jornadasiberoamericanas.umh.es\/?page_id=35"},"modified":"2022-09-19T14:11:15","modified_gmt":"2022-09-19T12:11:15","slug":"comunicaciones","status":"publish","type":"page","link":"https:\/\/jornadasiberoamericanas.umh.es\/ca\/comunicaciones\/","title":{"rendered":"<span lang=\"es\">(Espa\u00f1ol) Comunicaciones<\/span>"},"content":{"rendered":"<p>[et_pb_section fb_built=&#8221;1&#8243; _builder_version=&#8221;4.16&#8243; background_image=&#8221;https:\/\/jornadasiberoamericanas.umh.es\/files\/2022\/05\/banner-ibee.png&#8221; background_size=&#8221;contain&#8221; max_width=&#8221;62%&#8221; module_alignment=&#8221;center&#8221; height=&#8221;400px&#8221; global_colors_info=&#8221;{}&#8221;][et_pb_row _builder_version=&#8221;4.16&#8243; global_colors_info=&#8221;{}&#8221;][et_pb_column type=&#8221;4_4&#8243; _builder_version=&#8221;4.16&#8243; global_colors_info=&#8221;{}&#8221;][\/et_pb_column][\/et_pb_row][\/et_pb_section][et_pb_section fb_built=&#8221;1&#8243; _builder_version=&#8221;4.16&#8243; background_image=&#8221;https:\/\/jornadasiberoamericanas.umh.es\/files\/2022\/05\/mapa1-copia.png&#8221; background_size=&#8221;initial&#8221; global_colors_info=&#8221;{}&#8221;][et_pb_row _builder_version=&#8221;4.16&#8243; background_color=&#8221;#ffffff&#8221; border_radii=&#8221;on|11px|11px|11px|11px&#8221; box_shadow_style=&#8221;preset4&#8243; global_colors_info=&#8221;{}&#8221;][et_pb_column type=&#8221;4_4&#8243; _builder_version=&#8221;4.16&#8243; global_colors_info=&#8221;{}&#8221;][et_pb_text _builder_version=&#8221;4.17.4&#8243; custom_margin=&#8221;||-5px|||&#8221; custom_padding=&#8221;|30px||30px|false|true&#8221; hover_enabled=&#8221;0&#8243; global_colors_info=&#8221;{}&#8221; sticky_enabled=&#8221;0&#8243;]<\/p>\n<h4><strong>PROPUESTA DE COMUNICACION:\u00a0<\/strong><\/h4>\n<p><strong>Se invita a docentes, investigadores y alumnos a presentar investigaciones en desarrollo, avances de las mismas, as\u00ed como investigaciones ya finalizadas, estableciendo en estas I Jornadas una oportunidad para la presentaci\u00f3n de temas de investigaci\u00f3n en sus diferentes fases de elaboraci\u00f3n o avances dentro de la variedad tematica que se propone. Un espacio para compartir propuestas y desarrollos ya elaborados o incipientes que buscan una primera presentacion. Una oportunidad para compartir e iniciar colaboraciones de investigaci\u00f3n interuniversitaria.<\/strong><\/p>\n<h4><strong>FORMATO Y NORMAS DE PARTICIPACI\u00d3N<\/strong><br \/><strong><\/strong><\/h4>\n<p>a) Se podr\u00e1 participar en las jornadas en dos modalidades:<\/p>\n<ul>\n<li>Asistente con presentaci\u00f3n de comunicaci\u00f3n.<\/li>\n<li>Asistente sin presentaci\u00f3n de comunicaci\u00f3n<\/li>\n<\/ul>\n<p>La inscripci\u00f3n es gratuita en ambos casos y se realizar\u00e1 en las fechas indicadas en el calendario a trav\u00e9s del formulario de inscripci\u00f3n habilitado al efecto.<\/p>\n<p><span style=\"font-size: 14px\">b) La participaci\u00f3n en la modalidad con comunicaci\u00f3n estar\u00e1 sujeta a las siguientes normas:<\/span><\/p>\n<ul>\n<li>Los participantes deben entregar a trav\u00e9s del formulario un resumen de la comunicaci\u00f3n con una extensi\u00f3n comprendida entre 150 y 250 palabras.<\/li>\n<li>Los res\u00famenes ser\u00e1n revisados por el Comit\u00e9 Cient\u00edfico de las jornadas que, en su caso, comunicar\u00e1 la aceptaci\u00f3n.<\/li>\n<li>El programa definitivo de las jornadas con el horario y distribuci\u00f3n de las comunicaciones por ejes tem\u00e1ticos se publicar\u00e1 tras el cierre del periodo de revisi\u00f3n.<\/li>\n<li>El texto completo de la comunicaci\u00f3n se entregar\u00e1 en formato PDF de acuerdo con la siguiente plantilla (<a href=\"https:\/\/jornadasiberoamericanas.umh.es\/files\/2022\/07\/Plantilla-presentacion-comunicacion-Jornadas-NTE-2022-1.docx\">https:\/\/jornadasiberoamericanas.umh.es\/files\/2022\/07\/Plantilla-presentacion-comunicacion-Jornadas-NTE-2022-1.docx<\/a>) a trav\u00e9s del formulario que se articular\u00e1 al efecto.<\/li>\n<li>La extensi\u00f3n del texto de las comunicaciones debe estar comprendida entre las 2500 y las 3500 palabras, pudiendo incluir gr\u00e1ficos y tablas seg\u00fan se indica en la plantilla de presentaci\u00f3n.<\/li>\n<li>Durante la presentaci\u00f3n oral de las comunicaciones se podr\u00e1 utilizar una presentaci\u00f3n en formato PowerPoint que debe compartirse con el resto de los asistentes a la sesi\u00f3n.<\/li>\n<li>Las fechas l\u00edmite son las que se indican en el calendario.<\/li>\n<li>Se publicar\u00e1n en las actas de las Jornadas, solamente aquellas comunicaciones entregadas en plazo y presentadas oralmente durante la celebraci\u00f3n de las mismas.<\/li>\n<li>La intervenci\u00f3n para la presentaci\u00f3n oral de la comunicaci\u00f3n en las Jornadas tendr\u00e1 una duraci\u00f3n de 7 a 8 minutos.<\/li>\n<\/ul>\n<p>[\/et_pb_text][\/et_pb_column][\/et_pb_row][et_pb_row _builder_version=&#8221;4.16&#8243; global_colors_info=&#8221;{}&#8221;][et_pb_column type=&#8221;4_4&#8243; _builder_version=&#8221;4.16&#8243; global_colors_info=&#8221;{}&#8221;][\/et_pb_column][\/et_pb_row][\/et_pb_section]<\/p>\n","protected":false},"excerpt":{"rendered":"<p>PROPUESTA DE COMUNICACION:\u00a0 Se invita a docentes, investigadores y alumnos a presentar investigaciones en desarrollo, avances de las mismas, as\u00ed como investigaciones ya finalizadas, estableciendo en estas I Jornadas una oportunidad para la presentaci\u00f3n de temas de investigaci\u00f3n en sus diferentes fases de elaboraci\u00f3n o avances dentro de la variedad tematica que se propone. Un [&hellip;]<\/p>\n","protected":false},"author":17728,"featured_media":0,"parent":0,"menu_order":0,"comment_status":"closed","ping_status":"closed","template":"","meta":{"_et_pb_use_builder":"on","_et_pb_old_content":"","_et_gb_content_width":"","_links_to":"","_links_to_target":""},"_links":{"self":[{"href":"https:\/\/jornadasiberoamericanas.umh.es\/ca\/wp-json\/wp\/v2\/pages\/35"}],"collection":[{"href":"https:\/\/jornadasiberoamericanas.umh.es\/ca\/wp-json\/wp\/v2\/pages"}],"about":[{"href":"https:\/\/jornadasiberoamericanas.umh.es\/ca\/wp-json\/wp\/v2\/types\/page"}],"author":[{"embeddable":true,"href":"https:\/\/jornadasiberoamericanas.umh.es\/ca\/wp-json\/wp\/v2\/users\/17728"}],"replies":[{"embeddable":true,"href":"https:\/\/jornadasiberoamericanas.umh.es\/ca\/wp-json\/wp\/v2\/comments?post=35"}],"version-history":[{"count":0,"href":"https:\/\/jornadasiberoamericanas.umh.es\/ca\/wp-json\/wp\/v2\/pages\/35\/revisions"}],"wp:attachment":[{"href":"https:\/\/jornadasiberoamericanas.umh.es\/ca\/wp-json\/wp\/v2\/media?parent=35"}],"curies":[{"name":"wp","href":"https:\/\/api.w.org\/{rel}","templated":true}]}}